{"id":2,"date":"2011-01-23T13:59:20","date_gmt":"2011-01-23T13:59:20","guid":{"rendered":"http:\/\/jschpf.bplaced.net\/wordpress\/?page_id=2"},"modified":"2023-03-17T14:59:29","modified_gmt":"2023-03-17T14:59:29","slug":"eine-seite","status":"publish","type":"page","link":"https:\/\/jschpf.bplaced.net\/wordpress\/eine-seite\/","title":{"rendered":"Unsere Vorfahren"},"content":{"rendered":"<p>Meine Stammlinie l\u00e4\u00dft sich \u00fcber mehrere Jahrhunderte in den Kirchenb\u00fcchern von Issigau und vorher in Helmbrechts verfolgen.<br \/>\nM\u00f6glicherweise ist schon im Jahr 1497 die Familie Sch\u00f6pf in Helmbrechts ans\u00e4ssig, im Reichssteuerregister 1497 sind genannt:<br \/>\nSchaapf, seine Hauswirtin Katharina und sein Sohn Hans <!-- [if gte mso 9]><xml>\n<o:OfficeDocumentSettings>\n<o:AllowPNG><\/o:AllowPNG>\n<\/o:OfficeDocumentSettings>\n<\/xml><![endif]--><span style=\"font-size: 9.0pt; font-family: 'Arial','sans-serif'; mso-fareast-font-family: 'Times New Roman'; mso-fareast-theme-font: minor-fareast; mso-ansi-language: DE; mso-fareast-language: DE; mso-bidi-language: AR-SA;\">(Quelle: Rechter, Eintrag Nr. 5374, S. 147.)<\/span><\/p>\n<p>Die Kirchenb\u00fccher von Helmbrechts reichen leider nur bis ca. 1640 zur\u00fcck, die Stammliste beginnt damit (Stand 09\/2015) mit Johann Sch\u00f6pf der errechnet im&nbsp; Herbst des Jahres 1639 geboren wurde. Er war B\u00fcrger und Leinweber in Helmbrechts, vermutlich im Jahr 1666 hat er seine Eheliebste, Margaretha Ott aus Helmbrechts geheiratet. Sie wurde errechnet im November 1640 geboren, aus der Ehe sind sechs Kinder hervorgegangen, die Darstellung unten zeigt den weiteren Verlauf meiner Stammliste bis in die Gegenwart:<\/p>\n<p>&nbsp;<\/p>\n<p><a href=\"http:\/\/jschpf.bplaced.net\/wordpress\/wp-content\/uploads\/2011\/01\/Stammlinie.jpg\"><img loading=\"lazy\" decoding=\"async\" class=\"alignnone wp-image-195\" title=\"Stammlinie\" src=\"http:\/\/jschpf.bplaced.net\/wordpress\/wp-content\/uploads\/2011\/01\/Stammlinie.jpg\" alt=\"\" width=\"1110\" height=\"407\" srcset=\"https:\/\/jschpf.bplaced.net\/wordpress\/wp-content\/uploads\/2011\/01\/Stammlinie.jpg 1387w, https:\/\/jschpf.bplaced.net\/wordpress\/wp-content\/uploads\/2011\/01\/Stammlinie-300x110.jpg 300w, https:\/\/jschpf.bplaced.net\/wordpress\/wp-content\/uploads\/2011\/01\/Stammlinie-1024x375.jpg 1024w\" sizes=\"auto, (max-width: 1110px) 100vw, 1110px\" \/><\/a><\/p>\n<p>Folgende Familien\/Familienmitglieder und Verwandte konnten wir bisher unserem Stammbaum zuordnen, die Informationen wurden auch bei GENEANET hinterlegt:<\/p>\n<ul>\n<li><a href=\"https:\/\/gw.geneanet.org\/jschoepf_w?lang=de&amp;pz=jochen&amp;nz=schopf&amp;m=N&amp;tri=A&amp;o=A&amp;k=\">Alphabetische Sortierung der Familiennamen unserer Vorfahren<\/a><\/li>\n<li><a href=\"https:\/\/gw.geneanet.org\/jschoepf_w?lang=de&amp;m=H&amp;v=search_event\">Sortierung unserer Vorfahren nach deren Wohnorten<\/a><\/li>\n<li><a href=\"https:\/\/gw.geneanet.org\/jschoepf_w\">Unsere Homepage bei Geneanet (mit diversen Sortier-\/Auswahlm\u00f6glichkeiten)<\/a><\/li>\n<li><a href=\"https:\/\/gw.geneanet.org\/jschoepf_w?lang=de&amp;pz=jochen&amp;nz=schopf&amp;ocz=0&amp;m=A&amp;p=jochen&amp;n=schopf&amp;sosab=10&amp;color=&amp;t=Z&amp;birth=on&amp;birth_place=on&amp;marr_date=on&amp;death=on&amp;death_place=on&amp;death_age=on&amp;gen=on&amp;repeat=on&amp;v=21\">meine direkten Vorfahren<\/a><\/li>\n<li><a href=\"https:\/\/gw.geneanet.org\/jschoepf_w?lang=de&amp;pz=jochen&amp;nz=schopf&amp;ocz=0&amp;m=A&amp;p=charlotte&amp;n=hora&amp;sosab=10&amp;color=&amp;t=Z&amp;birth=on&amp;birth_place=on&amp;marr_date=on&amp;death=on&amp;death_place=on&amp;gen=on&amp;repeat=on&amp;v=19\" target=\"_blank\" rel=\"noopener noreferrer\">direkte Vorfahren meiner Frau<br \/>\n<\/a><\/li>\n<\/ul>\n<p>Wir freuen uns \u00fcber alle Hinweise zu den bereits bekannten Vorfahren, alle Erg\u00e4nzungen des Stammbaumes sind uns jederzeit willkommen !<\/p>\n<hr>\n<p style=\"text-align: center;\"><strong>Meine Urgro\u00dfeltern:<\/strong><br \/>\n(v\u00e4terlicherseits)<\/p>\n<p style=\"text-align: center;\"><strong>Johann Sch\u00f6pf (1875-1964) und Babette Werner (1875-1956) in Issigau<\/strong><br \/>\n<em>(Aufnahme um 1950)<\/em><\/p>\n<p><a href=\"https:\/\/jschpf.bplaced.net\/wordpress\/wp-content\/uploads\/2020\/05\/Johann-Friedrich-Sch\u00f6pf-Babette-Werner-Colorized.jpg\"><img loading=\"lazy\" decoding=\"async\" class=\"aligncenter size-medium wp-image-961\" src=\"https:\/\/jschpf.bplaced.net\/wordpress\/wp-content\/uploads\/2020\/05\/Johann-Friedrich-Sch\u00f6pf-Babette-Werner-Colorized-189x300.jpg\" alt=\"\" width=\"189\" height=\"300\" srcset=\"https:\/\/jschpf.bplaced.net\/wordpress\/wp-content\/uploads\/2020\/05\/Johann-Friedrich-Sch\u00f6pf-Babette-Werner-Colorized-189x300.jpg 189w, https:\/\/jschpf.bplaced.net\/wordpress\/wp-content\/uploads\/2020\/05\/Johann-Friedrich-Sch\u00f6pf-Babette-Werner-Colorized-646x1024.jpg 646w, https:\/\/jschpf.bplaced.net\/wordpress\/wp-content\/uploads\/2020\/05\/Johann-Friedrich-Sch\u00f6pf-Babette-Werner-Colorized.jpg 654w\" sizes=\"auto, (max-width: 189px) 100vw, 189px\" \/><\/a><\/p>\n<p style=\"text-align: center;\"><strong>Karl Munzert (1886-1972) und Johanna Beyer (1884-1957)<\/strong><br \/>\n<em>(Aufnahme w\u00e4hrend des 1. WK)<\/em><\/p>\n<div id=\"attachment_753\" style=\"width: 207px\" class=\"wp-caption aligncenter\"><a href=\"http:\/\/jschpf.bplaced.net\/wordpress\/wp-content\/uploads\/2017\/06\/Scan4.jpg\"><img loading=\"lazy\" decoding=\"async\" aria-describedby=\"caption-attachment-753\" class=\"wp-image-753 size-medium\" src=\"http:\/\/jschpf.bplaced.net\/wordpress\/wp-content\/uploads\/2017\/06\/Scan4-197x300.jpg\" alt=\"Johanna Munzert, geb. Beyer mit den Kindern Heinrich und Elise\" width=\"197\" height=\"300\" srcset=\"https:\/\/jschpf.bplaced.net\/wordpress\/wp-content\/uploads\/2017\/06\/Scan4-197x300.jpg 197w, https:\/\/jschpf.bplaced.net\/wordpress\/wp-content\/uploads\/2017\/06\/Scan4-768x1172.jpg 768w, https:\/\/jschpf.bplaced.net\/wordpress\/wp-content\/uploads\/2017\/06\/Scan4-671x1024.jpg 671w, https:\/\/jschpf.bplaced.net\/wordpress\/wp-content\/uploads\/2017\/06\/Scan4.jpg 1042w\" sizes=\"auto, (max-width: 197px) 100vw, 197px\" \/><\/a><p id=\"caption-attachment-753\" class=\"wp-caption-text\">Johanna Munzert, geb. Beyer mit den Kindern Heinrich und Elise<\/p><\/div>\n<p>Das Bild wurde zwischen 1914 und 1918 aufgenommen und an Karl Munzert an der Front geschickt, er hat auf der R\u00fcckseite vermerkt &#8222;Meine drei Lieben&#8220;<\/p>\n<p>&nbsp;<\/p>\n<p style=\"text-align: center;\">(m\u00fctterlicherseits)<\/p>\n<p style=\"text-align: center;\"><strong>Heinrich St\u00f6cker (1889-1951) und Marie Kant (1890-1959) in Pottiga<\/strong><br \/>\n<em>(Aufnahme um 1910)<\/em><\/p>\n<div id=\"attachment_769\" style=\"width: 228px\" class=\"wp-caption aligncenter\"><a href=\"http:\/\/jschpf.bplaced.net\/wordpress\/wp-content\/uploads\/2017\/06\/Urgro\u00dfeltern-Heinrich-St\u00f6cker-und-Marie-Kant.png\"><img loading=\"lazy\" decoding=\"async\" aria-describedby=\"caption-attachment-769\" class=\"size-medium wp-image-769\" src=\"http:\/\/jschpf.bplaced.net\/wordpress\/wp-content\/uploads\/2017\/06\/Urgro\u00dfeltern-Heinrich-St\u00f6cker-und-Marie-Kant-218x300.png\" alt=\"Urgro\u00dfeltern Heinrich St\u00f6cker und Marie Kant\" width=\"218\" height=\"300\" srcset=\"https:\/\/jschpf.bplaced.net\/wordpress\/wp-content\/uploads\/2017\/06\/Urgro\u00dfeltern-Heinrich-St\u00f6cker-und-Marie-Kant-218x300.png 218w, https:\/\/jschpf.bplaced.net\/wordpress\/wp-content\/uploads\/2017\/06\/Urgro\u00dfeltern-Heinrich-St\u00f6cker-und-Marie-Kant.png 581w\" sizes=\"auto, (max-width: 218px) 100vw, 218px\" \/><\/a><p id=\"caption-attachment-769\" class=\"wp-caption-text\">Urgro\u00dfeltern Heinrich St\u00f6cker und Marie Kant<\/p><\/div>\n<p>&nbsp;<\/p>\n<p style=\"text-align: center;\"><strong>Georg Langheinrich (1877-1961) und Anna Sack (1880-1975) in Lehesten bei Sparnberg<br \/>\n<\/strong><br \/>\n<a href=\"https:\/\/jschpf.bplaced.net\/wordpress\/wp-content\/uploads\/2020\/05\/Familie-Langheinrich-Lehesten2.jpg\"><img loading=\"lazy\" decoding=\"async\" class=\"aligncenter size-medium wp-image-954\" src=\"https:\/\/jschpf.bplaced.net\/wordpress\/wp-content\/uploads\/2020\/05\/Familie-Langheinrich-Lehesten2-300x142.jpg\" alt=\"\" width=\"300\" height=\"142\" srcset=\"https:\/\/jschpf.bplaced.net\/wordpress\/wp-content\/uploads\/2020\/05\/Familie-Langheinrich-Lehesten2-300x142.jpg 300w, https:\/\/jschpf.bplaced.net\/wordpress\/wp-content\/uploads\/2020\/05\/Familie-Langheinrich-Lehesten2-1024x486.jpg 1024w, https:\/\/jschpf.bplaced.net\/wordpress\/wp-content\/uploads\/2020\/05\/Familie-Langheinrich-Lehesten2-768x365.jpg 768w, https:\/\/jschpf.bplaced.net\/wordpress\/wp-content\/uploads\/2020\/05\/Familie-Langheinrich-Lehesten2-1536x730.jpg 1536w, https:\/\/jschpf.bplaced.net\/wordpress\/wp-content\/uploads\/2020\/05\/Familie-Langheinrich-Lehesten2.jpg 1718w\" sizes=\"auto, (max-width: 300px) 100vw, 300px\" \/><\/a><br \/>\nUrgro\u00dfeltern Georg Langheinrich und Anna Sack<\/p>\n<p>&nbsp;<\/p>\n<p>&nbsp;<\/p>\n<hr>\n<p>&nbsp;<\/p>\n<p>Der Familienname Sch\u00f6pf ist in weiteren Orten Oberfrankens zu finden, wir versuchen an dieser Stelle auch, die Daten weiterer Familien zu erfassen:<\/p>\n<ul>\n<li><a href=\"http:\/\/jschpf.bplaced.net\/wordpress\/wp-content\/Schoepf\/schoepf_schney.doc\">Sch\u00f6pf in Schney bei Lichtenfels<\/a><br \/>\n(Quelle: Christian Lindenberger; chlindenberger@t-online.de)<\/li>\n<\/ul>\n<p>Falls Sie weitere Daten zum Familiennamen Sch\u00f6pf in Oberfranken haben, k\u00f6nnen Sie uns diese gerne mitteilen!<\/p>\n","protected":false},"excerpt":{"rendered":"<p>Meine Stammlinie l\u00e4\u00dft sich \u00fcber mehrere Jahrhunderte in den Kirchenb\u00fcchern von Issigau und vorher in Helmbrechts verfolgen. M\u00f6glicherweise ist schon im Jahr 1497 die Familie Sch\u00f6pf in Helmbrechts ans\u00e4ssig, im Reichssteuerregister 1497 sind genannt: Schaapf, seine Hauswirtin Katharina und sein Sohn Hans (Quelle: Rechter, Eintrag Nr. 5374, S. 147.) Die Kirchenb\u00fccher von Helmbrechts reichen leider [&hellip;]<\/p>\n","protected":false},"author":2,"featured_media":0,"parent":0,"menu_order":1,"comment_status":"closed","ping_status":"open","template":"","meta":{"ngg_post_thumbnail":0,"footnotes":""},"class_list":["post-2","page","type-page","status-publish","hentry"],"_links":{"self":[{"href":"https:\/\/jschpf.bplaced.net\/wordpress\/wp-json\/wp\/v2\/pages\/2","targetHints":{"allow":["GET"]}}],"collection":[{"href":"https:\/\/jschpf.bplaced.net\/wordpress\/wp-json\/wp\/v2\/pages"}],"about":[{"href":"https:\/\/jschpf.bplaced.net\/wordpress\/wp-json\/wp\/v2\/types\/page"}],"author":[{"embeddable":true,"href":"https:\/\/jschpf.bplaced.net\/wordpress\/wp-json\/wp\/v2\/users\/2"}],"replies":[{"embeddable":true,"href":"https:\/\/jschpf.bplaced.net\/wordpress\/wp-json\/wp\/v2\/comments?post=2"}],"version-history":[{"count":63,"href":"https:\/\/jschpf.bplaced.net\/wordpress\/wp-json\/wp\/v2\/pages\/2\/revisions"}],"predecessor-version":[{"id":1218,"href":"https:\/\/jschpf.bplaced.net\/wordpress\/wp-json\/wp\/v2\/pages\/2\/revisions\/1218"}],"wp:attachment":[{"href":"https:\/\/jschpf.bplaced.net\/wordpress\/wp-json\/wp\/v2\/media?parent=2"}],"curies":[{"name":"wp","href":"https:\/\/api.w.org\/{rel}","templated":true}]}}